{"id":2,"date":"2024-07-31T13:47:16","date_gmt":"2024-07-31T13:47:16","guid":{"rendered":"https:\/\/www.matuts.com\/?page_id=2"},"modified":"2024-08-04T17:39:12","modified_gmt":"2024-08-04T08:39:12","slug":"sample-page","status":"publish","type":"page","link":"https:\/\/www.matuts.com\/?page_id=2","title":{"rendered":"\u4f1a\u793e\u6982\u8981"},"content":{"rendered":"\n<figure class=\"wp-block-image size-full\"><img loading=\"lazy\" decoding=\"async\" width=\"800\" height=\"140\" src=\"https:\/\/www.matuts.com\/wp-content\/uploads\/2024\/08\/\u30ed\u30b4\u6a2a.png\" alt=\"\" class=\"wp-image-159\" style=\"object-fit:cover\" srcset=\"https:\/\/www.matuts.com\/wp-content\/uploads\/2024\/08\/\u30ed\u30b4\u6a2a.png 800w, https:\/\/www.matuts.com\/wp-content\/uploads\/2024\/08\/\u30ed\u30b4\u6a2a-300x53.png 300w, https:\/\/www.matuts.com\/wp-content\/uploads\/2024\/08\/\u30ed\u30b4\u6a2a-768x134.png 768w\" sizes=\"auto, (max-width: 800px) 100vw, 800px\" \/><\/figure>\n\n\n\n<figure class=\"wp-block-image size-full is-resized\"><img loading=\"lazy\" decoding=\"async\" width=\"800\" height=\"140\" src=\"https:\/\/www.matuts.com\/wp-content\/uploads\/2024\/08\/\u7a7a\u767d.png\" alt=\"\" class=\"wp-image-106\" style=\"width:154px;height:auto\" srcset=\"https:\/\/www.matuts.com\/wp-content\/uploads\/2024\/08\/\u7a7a\u767d.png 800w, https:\/\/www.matuts.com\/wp-content\/uploads\/2024\/08\/\u7a7a\u767d-300x53.png 300w, https:\/\/www.matuts.com\/wp-content\/uploads\/2024\/08\/\u7a7a\u767d-768x134.png 768w\" sizes=\"auto, (max-width: 800px) 100vw, 800px\" \/><\/figure>\n\n\n\n<figure class=\"wp-block-table is-style-regular\" style=\"font-size:18px\"><table class=\"has-black-color has-text-color has-background has-link-color\" style=\"background-color:#9bd94563\"><tbody><tr><td><strong>\u793e\u540d<\/strong><\/td><td>\u4e00\u822c\u793e\u56e3\u6cd5\u4eba\u904b\u52d5\u30a2\u30ab\u30c7\u30df\u30fcTUTs\uff08\u30bf\u30c3\u30c4\/TSURUGI Unyielding\u00d7Unite Teams\uff09<\/td><\/tr><tr><td><strong>\u4ee3\u8868\u7406\u4e8b<\/strong><\/td><td>\u8349\u8599\u9f8d\u53f2<\/td><\/tr><tr><td><strong>\u7406\u4e8b<\/strong><\/td><td>\u4e09\u5b85\u614e\u592a\u90ce<\/td><\/tr><tr><td><strong>\u6240\u5728\u5730<\/strong><\/td><td>\u6771\u4eac\u90fd\u516b\u738b\u5b50\u5e02\u4e0b\u67da\u67283-7-3-607<\/td><\/tr><tr><td><strong>TEL<\/strong><br><strong>(\u4ee3\u8868)<\/strong><\/td><td>080-6873-8052<\/td><\/tr><tr><td><strong>Mail<\/strong><\/td><td>tuts_honbu@matuts.com<\/td><\/tr><tr><td><strong>\u4e8b\u696d\u5185\u5bb9<\/strong><\/td><td>\u30fb\u5b66\u6821\u6559\u80b2\u65bd\u8a2d\u3067\u306e\u904b\u52d5\u30d7\u30ed\u30b0\u30e9\u30e0\u63d0\u4f9b<br>\u30fb\u5730\u57df\u904b\u52d5\u30b9\u30af\u30fc\u30eb\u306e\u904b\u55b6<br>\u30fb\u5b50\u3069\u3082\u5411\u3051\u30d1\u30fc\u30bd\u30ca\u30eb<br>\u30fb\u90e8\u6d3b\u52d5\u30b3\u30fc\u30c1\u30f3\u30b0<br>\u30fb\u30aa\u30f3\u30e9\u30a4\u30f3\u904b\u52d5\u30d7\u30ed\u30b0\u30e9\u30e0\u306e\u63d0\u4f9b<br>\u30fb\u305d\u306e\u4ed6\uff08\u8b1b\u6f14\u4f1a\u30fb\u30a4\u30d9\u30f3\u30c8\u904b\u55b6\/\u30a2\u30d1\u30ec\u30eb\u306a\u3069\uff09<\/td><\/tr><\/tbody><\/table><\/figure>\n\n\n\n<figure class=\"wp-block-image size-full is-resized\"><img loading=\"lazy\" decoding=\"async\" width=\"800\" height=\"140\" src=\"https:\/\/www.matuts.com\/wp-content\/uploads\/2024\/08\/\u7a7a\u767d.png\" alt=\"\" class=\"wp-image-106\" style=\"width:360px;height:auto\" srcset=\"https:\/\/www.matuts.com\/wp-content\/uploads\/2024\/08\/\u7a7a\u767d.png 800w, https:\/\/www.matuts.com\/wp-content\/uploads\/2024\/08\/\u7a7a\u767d-300x53.png 300w, https:\/\/www.matuts.com\/wp-content\/uploads\/2024\/08\/\u7a7a\u767d-768x134.png 768w\" sizes=\"auto, (max-width: 800px) 100vw, 800px\" \/><\/figure>\n\n\n\n<figure class=\"wp-block-image size-full\"><img loading=\"lazy\" decoding=\"async\" width=\"800\" height=\"140\" src=\"https:\/\/www.matuts.com\/wp-content\/uploads\/2024\/08\/2konntakuto.png\" alt=\"\" class=\"wp-image-53\" srcset=\"https:\/\/www.matuts.com\/wp-content\/uploads\/2024\/08\/2konntakuto.png 800w, https:\/\/www.matuts.com\/wp-content\/uploads\/2024\/08\/2konntakuto-300x53.png 300w, https:\/\/www.matuts.com\/wp-content\/uploads\/2024\/08\/2konntakuto-768x134.png 768w\" sizes=\"auto, (max-width: 800px) 100vw, 800px\" \/><\/figure>\n\n\n\n<figure class=\"wp-block-image size-full is-resized\"><img loading=\"lazy\" decoding=\"async\" width=\"800\" height=\"140\" src=\"https:\/\/www.matuts.com\/wp-content\/uploads\/2024\/08\/\u7a7a\u767d.png\" alt=\"\" class=\"wp-image-106\" style=\"width:360px;height:auto\" srcset=\"https:\/\/www.matuts.com\/wp-content\/uploads\/2024\/08\/\u7a7a\u767d.png 800w, https:\/\/www.matuts.com\/wp-content\/uploads\/2024\/08\/\u7a7a\u767d-300x53.png 300w, https:\/\/www.matuts.com\/wp-content\/uploads\/2024\/08\/\u7a7a\u767d-768x134.png 768w\" sizes=\"auto, (max-width: 800px) 100vw, 800px\" \/><\/figure>\n\n\n\n<div class=\"wp-block-contact-form-7-contact-form-selector\">\n<div class=\"wpcf7 no-js\" id=\"wpcf7-f26-o1\" lang=\"ja\" dir=\"ltr\" data-wpcf7-id=\"26\">\n<div class=\"screen-reader-response\"><p role=\"status\" aria-live=\"polite\" aria-atomic=\"true\"><\/p> <ul><\/ul><\/div>\n<form action=\"\/index.php?rest_route=%2Fwp%2Fv2%2Fpages%2F2#wpcf7-f26-o1\" method=\"post\" class=\"wpcf7-form init\" aria-label=\"\u30b3\u30f3\u30bf\u30af\u30c8\u30d5\u30a9\u30fc\u30e0\" novalidate=\"novalidate\" data-status=\"init\">\n<fieldset class=\"hidden-fields-container\"><input type=\"hidden\" name=\"_wpcf7\" value=\"26\" \/><input type=\"hidden\" name=\"_wpcf7_version\" value=\"6.1.5\" \/><input type=\"hidden\" name=\"_wpcf7_locale\" value=\"ja\" \/><input type=\"hidden\" name=\"_wpcf7_unit_tag\" value=\"wpcf7-f26-o1\" \/><input type=\"hidden\" name=\"_wpcf7_container_post\" value=\"0\" \/><input type=\"hidden\" name=\"_wpcf7_posted_data_hash\" value=\"\" \/>\n<\/fieldset>\n<table class=\"CF7_table\">\n\t<tr>\n\t\t<th>\n\t\t\t<p><span class=\"CF7_req\">\u3010\u5fc5\u9808\u3011<br \/>\n\u304a\u540d\u524d<\/span>\n\t\t\t<\/p>\n\t\t<\/th>\n\t\t<td>\n\t\t\t<p><span class=\"wpcf7-form-control-wrap\" data-name=\"your-name\"><input size=\"40\" maxlength=\"400\" class=\"wpcf7-form-control wpcf7-text wpcf7-validates-as-required\" aria-required=\"true\" aria-invalid=\"false\" placeholder=\"\u4f8b\uff1a\u3042\u306a\u305f\u306e\u304a\u540d\u524d\" value=\"\" type=\"text\" name=\"your-name\" \/><\/span>\n\t\t\t<\/p>\n\t\t<\/td>\n\t<\/tr>\n\t<tr>\n\t\t<th>\n\t\t\t<p><span class=\"CF7_req\">\u3010\u5fc5\u9808\u3011<br \/>\n\u4f1a\u793e\u540d\/\u5b66\u6821\u540d<\/span>\n\t\t\t<\/p>\n\t\t<\/th>\n\t\t<td>\n\t\t\t<p><span class=\"wpcf7-form-control-wrap\" data-name=\"your-company\"><input size=\"40\" maxlength=\"400\" class=\"wpcf7-form-control wpcf7-text wpcf7-validates-as-required\" aria-required=\"true\" aria-invalid=\"false\" placeholder=\"\u4f8b\uff1a\u25ef\u25ef\u682a\u5f0f\u4f1a\u793e\" value=\"\" type=\"text\" name=\"your-company\" \/><\/span>\n\t\t\t<\/p>\n\t\t<\/td>\n\t<\/tr>\n\t<tr>\n\t\t<th>\n\t\t\t<p><span class=\"CF7_req\">\u3010\u5fc5\u9808\u3011<br \/>\n\u90f5\u4fbf\u756a\u53f7<\/span>\n\t\t\t<\/p>\n\t\t<\/th>\n\t\t<td>\n\t\t\t<p><span class=\"wpcf7-form-control-wrap\" data-name=\"zip\"><input size=\"40\" maxlength=\"400\" class=\"wpcf7-form-control wpcf7-text wpcf7-validates-as-required\" id=\"zip\" aria-required=\"true\" aria-invalid=\"false\" placeholder=\"\u4f8b\uff1a123-4567\" value=\"\" type=\"text\" name=\"zip\" \/><\/span>\n\t\t\t<\/p>\n\t\t<\/td>\n\t<\/tr>\n\t<tr>\n\t\t<th>\n\t\t\t<p><span class=\"CF7_unreq\">\u3010\u4efb\u610f\u3011<br \/>\n\u90fd\u9053\u5e9c\u770c<\/span>\n\t\t\t<\/p>\n\t\t<\/th>\n\t\t<td>\n\t\t\t<p><span class=\"wpcf7-form-control-wrap\" data-name=\"pref\"><input size=\"40\" maxlength=\"400\" class=\"wpcf7-form-control wpcf7-text\" id=\"pref\" aria-invalid=\"false\" placeholder=\"\u4f8b\uff1a\u6771\u4eac\u90fd\" value=\"\" type=\"text\" name=\"pref\" \/><\/span>\n\t\t\t<\/p>\n\t\t<\/td>\n\t<\/tr>\n\t<tr>\n\t\t<th>\n\t\t\t<p><span class=\"CF7_unreq\">\u3010\u4efb\u610f\u3011<br \/>\n\u3000\u3054\u4f4f\u6240<\/span>\n\t\t\t<\/p>\n\t\t<\/th>\n\t\t<td class=\"address-100\">\n\t\t\t<p><span class=\"wpcf7-form-control-wrap\" data-name=\"addr\"><input size=\"40\" maxlength=\"400\" class=\"wpcf7-form-control wpcf7-text\" id=\"addr\" aria-invalid=\"false\" placeholder=\"\u4f8b\uff1a\u4e2d\u592e\u533a\u9280\u5ea7\uff11\uff12\uff13\uff14\uff15\" value=\"\" type=\"text\" name=\"addr\" \/><\/span>\n\t\t\t<\/p>\n\t\t<\/td>\n\t<\/tr>\n\t<tr>\n\t\t<th>\n\t\t\t<p><span class=\"CF7_req\">\u3010\u5fc5\u9808\u3011<br \/>\n\u30e1\u30fc\u30eb\u30a2\u30c9\u30ec\u30b9<\/span>\n\t\t\t<\/p>\n\t\t<\/th>\n\t\t<td>\n\t\t\t<p><span class=\"wpcf7-form-control-wrap\" data-name=\"your-email\"><input size=\"40\" maxlength=\"400\" class=\"wpcf7-form-control wpcf7-email wpcf7-validates-as-required wpcf7-text wpcf7-validates-as-email\" aria-required=\"true\" aria-invalid=\"false\" placeholder=\"\u4f8b\uff1a\u00d7\u00d7\u00d7@\u00d7\u00d7\u00d7.com\" value=\"\" type=\"email\" name=\"your-email\" \/><\/span>\n\t\t\t<\/p>\n\t\t<\/td>\n\t<\/tr>\n\t<tr>\n\t\t<th>\n\t\t\t<p><span class=\"CF7_req\">\u3010\u5fc5\u9808\u3011<br \/>\n\u304a\u96fb\u8a71\u756a\u53f7<\/span>\n\t\t\t<\/p>\n\t\t<\/th>\n\t\t<td>\n\t\t\t<p><span class=\"wpcf7-form-control-wrap\" data-name=\"your-tel\"><input size=\"40\" maxlength=\"400\" class=\"wpcf7-form-control wpcf7-text wpcf7-validates-as-required\" aria-required=\"true\" aria-invalid=\"false\" placeholder=\"\u4f8b\uff1a03-1234-5678\" value=\"\" type=\"text\" name=\"your-tel\" \/><\/span>\n\t\t\t<\/p>\n\t\t<\/td>\n\t<\/tr>\n\t<tr>\n\t\t<th>\n\t\t\t<p><span class=\"CF7_req\">\u3010\u5fc5\u9808\u3011<br \/>\n\u30e1\u30c3\u30bb\u30fc\u30b8\u672c\u6587<\/span>\n\t\t\t<\/p>\n\t\t<\/th>\n\t\t<td class=\"message-100\">\n\t\t\t<p><span class=\"wpcf7-form-control-wrap\" data-name=\"your-message\"><textarea cols=\"40\" rows=\"10\" maxlength=\"2000\" class=\"wpcf7-form-control wpcf7-textarea wpcf7-validates-as-required\" aria-required=\"true\" aria-invalid=\"false\" placeholder=\"\u304a\u554f\u3044\u5408\u308f\u305b\u5185\u5bb9\u3092\u3054\u8a18\u5165\u304f\u3060\u3055\u3044\" name=\"your-message\"><\/textarea><\/span>\n\t\t\t<\/p>\n\t\t<\/td>\n\t<\/tr>\n<\/table>\n<p class=\"CF7_btn\"><input class=\"wpcf7-form-control wpcf7-submit has-spinner\" type=\"submit\" value=\"\u9001\u4fe1\u3059\u308b\" \/>\n<\/p><div class=\"wpcf7-response-output\" aria-hidden=\"true\"><\/div>\n<\/form>\n<\/div>\n<\/div>\n","protected":false},"excerpt":{"rendered":"<p>\u793e\u540d \u4e00\u822c\u793e\u56e3\u6cd5\u4eba\u904b\u52d5\u30a2\u30ab\u30c7\u30df\u30fcTUTs\uff08\u30bf\u30c3\u30c4\/TSURUGI Unyielding\u00d7Unite Teams\uff09 \u4ee3\u8868\u7406\u4e8b \u8349\u8599\u9f8d\u53f2 \u7406\u4e8b \u4e09\u5b85\u614e\u592a\u90ce \u6240\u5728\u5730 \u6771\u4eac\u90fd\u516b\u738b\u5b50\u5e02\u4e0b\u67da\u67283-7-3-607 TEL(\u4ee3\u8868) 08&#8230;<\/p>\n","protected":false},"author":1,"featured_media":0,"parent":0,"menu_order":0,"comment_status":"closed","ping_status":"open","template":"","meta":{"footnotes":""},"class_list":["post-2","page","type-page","status-publish","hentry"],"_links":{"self":[{"href":"https:\/\/www.matuts.com\/index.php?rest_route=\/wp\/v2\/pages\/2","targetHints":{"allow":["GET"]}}],"collection":[{"href":"https:\/\/www.matuts.com\/index.php?rest_route=\/wp\/v2\/pages"}],"about":[{"href":"https:\/\/www.matuts.com\/index.php?rest_route=\/wp\/v2\/types\/page"}],"author":[{"embeddable":true,"href":"https:\/\/www.matuts.com\/index.php?rest_route=\/wp\/v2\/users\/1"}],"replies":[{"embeddable":true,"href":"https:\/\/www.matuts.com\/index.php?rest_route=%2Fwp%2Fv2%2Fcomments&post=2"}],"version-history":[{"count":9,"href":"https:\/\/www.matuts.com\/index.php?rest_route=\/wp\/v2\/pages\/2\/revisions"}],"predecessor-version":[{"id":164,"href":"https:\/\/www.matuts.com\/index.php?rest_route=\/wp\/v2\/pages\/2\/revisions\/164"}],"wp:attachment":[{"href":"https:\/\/www.matuts.com\/index.php?rest_route=%2Fwp%2Fv2%2Fmedia&parent=2"}],"curies":[{"name":"wp","href":"https:\/\/api.w.org\/{rel}","templated":true}]}}