{"id":42,"date":"2024-08-04T14:07:20","date_gmt":"2024-08-04T05:07:20","guid":{"rendered":"https:\/\/www.matuts.com\/?page_id=42"},"modified":"2025-10-11T11:03:29","modified_gmt":"2025-10-11T02:03:29","slug":"top","status":"publish","type":"page","link":"https:\/\/www.matuts.com\/","title":{"rendered":"TOP"},"content":{"rendered":"\n<figure class=\"wp-block-image size-full is-resized\"><img loading=\"lazy\" decoding=\"async\" width=\"800\" height=\"140\" src=\"https:\/\/www.matuts.com\/wp-content\/uploads\/2024\/08\/\u7a7a\u767d.png\" alt=\"\" class=\"wp-image-106\" style=\"width:120px;height:auto\" srcset=\"https:\/\/www.matuts.com\/wp-content\/uploads\/2024\/08\/\u7a7a\u767d.png 800w, https:\/\/www.matuts.com\/wp-content\/uploads\/2024\/08\/\u7a7a\u767d-300x53.png 300w, https:\/\/www.matuts.com\/wp-content\/uploads\/2024\/08\/\u7a7a\u767d-768x134.png 768w\" sizes=\"auto, (max-width: 800px) 100vw, 800px\" \/><\/figure>\n\n\n\n<figure class=\"wp-block-image size-full\"><img loading=\"lazy\" decoding=\"async\" width=\"800\" height=\"140\" src=\"https:\/\/www.matuts.com\/wp-content\/uploads\/2024\/08\/SERVISE.png\" alt=\"\" class=\"wp-image-104\" style=\"object-fit:cover\" srcset=\"https:\/\/www.matuts.com\/wp-content\/uploads\/2024\/08\/SERVISE.png 800w, https:\/\/www.matuts.com\/wp-content\/uploads\/2024\/08\/SERVISE-300x53.png 300w, https:\/\/www.matuts.com\/wp-content\/uploads\/2024\/08\/SERVISE-768x134.png 768w\" sizes=\"auto, (max-width: 800px) 100vw, 800px\" \/><\/figure>\n\n\n\n<figure class=\"wp-block-image size-full is-resized\"><img loading=\"lazy\" decoding=\"async\" width=\"800\" height=\"140\" src=\"https:\/\/www.matuts.com\/wp-content\/uploads\/2024\/08\/\u7a7a\u767d.png\" alt=\"\" class=\"wp-image-106\" style=\"width:120px;height:auto\" srcset=\"https:\/\/www.matuts.com\/wp-content\/uploads\/2024\/08\/\u7a7a\u767d.png 800w, https:\/\/www.matuts.com\/wp-content\/uploads\/2024\/08\/\u7a7a\u767d-300x53.png 300w, https:\/\/www.matuts.com\/wp-content\/uploads\/2024\/08\/\u7a7a\u767d-768x134.png 768w\" sizes=\"auto, (max-width: 800px) 100vw, 800px\" \/><\/figure>\n\n\n\n<figure class=\"wp-block-image size-full\"><img loading=\"lazy\" decoding=\"async\" width=\"1920\" height=\"1080\" src=\"https:\/\/www.matuts.com\/wp-content\/uploads\/2024\/08\/29.png\" alt=\"\" class=\"wp-image-118\" style=\"object-fit:cover\" srcset=\"https:\/\/www.matuts.com\/wp-content\/uploads\/2024\/08\/29.png 1920w, https:\/\/www.matuts.com\/wp-content\/uploads\/2024\/08\/29-300x169.png 300w, https:\/\/www.matuts.com\/wp-content\/uploads\/2024\/08\/29-1024x576.png 1024w, https:\/\/www.matuts.com\/wp-content\/uploads\/2024\/08\/29-768x432.png 768w, https:\/\/www.matuts.com\/wp-content\/uploads\/2024\/08\/29-1536x864.png 1536w, https:\/\/www.matuts.com\/wp-content\/uploads\/2024\/08\/29-840x473.png 840w\" sizes=\"auto, (max-width: 1920px) 100vw, 1920px\" \/><\/figure>\n\n\n\n<figure class=\"wp-block-image size-full\"><img loading=\"lazy\" decoding=\"async\" width=\"1920\" height=\"1080\" src=\"https:\/\/www.matuts.com\/wp-content\/uploads\/2024\/08\/30.png\" alt=\"\" class=\"wp-image-119\" srcset=\"https:\/\/www.matuts.com\/wp-content\/uploads\/2024\/08\/30.png 1920w, https:\/\/www.matuts.com\/wp-content\/uploads\/2024\/08\/30-300x169.png 300w, https:\/\/www.matuts.com\/wp-content\/uploads\/2024\/08\/30-1024x576.png 1024w, https:\/\/www.matuts.com\/wp-content\/uploads\/2024\/08\/30-768x432.png 768w, https:\/\/www.matuts.com\/wp-content\/uploads\/2024\/08\/30-1536x864.png 1536w, https:\/\/www.matuts.com\/wp-content\/uploads\/2024\/08\/30-840x473.png 840w\" sizes=\"auto, (max-width: 1920px) 100vw, 1920px\" \/><\/figure>\n\n\n\n<figure class=\"wp-block-image size-full is-resized\"><img loading=\"lazy\" decoding=\"async\" width=\"800\" height=\"140\" src=\"https:\/\/www.matuts.com\/wp-content\/uploads\/2024\/08\/\u7a7a\u767d.png\" alt=\"\" class=\"wp-image-106\" style=\"width:120px;height:auto\" srcset=\"https:\/\/www.matuts.com\/wp-content\/uploads\/2024\/08\/\u7a7a\u767d.png 800w, https:\/\/www.matuts.com\/wp-content\/uploads\/2024\/08\/\u7a7a\u767d-300x53.png 300w, https:\/\/www.matuts.com\/wp-content\/uploads\/2024\/08\/\u7a7a\u767d-768x134.png 768w\" sizes=\"auto, (max-width: 800px) 100vw, 800px\" \/><\/figure>\n\n\n\n<div class=\"wp-block-buttons is-content-justification-center is-layout-flex wp-container-core-buttons-is-layout-16018d1d wp-block-buttons-is-layout-flex\">\n<div class=\"wp-block-button has-custom-width wp-block-button__width-50 is-style-outline is-style-outline--1\"><a class=\"wp-block-button__link has-white-color has-text-color has-background has-link-color has-small-font-size has-custom-font-size wp-element-button\" href=\"https:\/\/www.matuts.com\/?page_id=2\" style=\"background-color:#039c52\"><strong>\u8a73\u7d30\/\u304a\u554f\u3044\u5408\u308f\u305b<\/strong><\/a><\/div>\n<\/div>\n\n\n\n<figure class=\"wp-block-image size-full is-resized\"><img loading=\"lazy\" decoding=\"async\" width=\"800\" height=\"140\" src=\"https:\/\/www.matuts.com\/wp-content\/uploads\/2024\/08\/\u7a7a\u767d.png\" alt=\"\" class=\"wp-image-106\" style=\"width:120px;height:auto\" srcset=\"https:\/\/www.matuts.com\/wp-content\/uploads\/2024\/08\/\u7a7a\u767d.png 800w, https:\/\/www.matuts.com\/wp-content\/uploads\/2024\/08\/\u7a7a\u767d-300x53.png 300w, https:\/\/www.matuts.com\/wp-content\/uploads\/2024\/08\/\u7a7a\u767d-768x134.png 768w\" sizes=\"auto, (max-width: 800px) 100vw, 800px\" \/><\/figure>\n\n\n\n<figure class=\"wp-block-image size-full\"><img loading=\"lazy\" decoding=\"async\" width=\"800\" height=\"140\" src=\"https:\/\/www.matuts.com\/wp-content\/uploads\/2024\/08\/\u3057\u3093.png\" alt=\"\" class=\"wp-image-100\" style=\"object-fit:cover\" srcset=\"https:\/\/www.matuts.com\/wp-content\/uploads\/2024\/08\/\u3057\u3093.png 800w, https:\/\/www.matuts.com\/wp-content\/uploads\/2024\/08\/\u3057\u3093-300x53.png 300w, https:\/\/www.matuts.com\/wp-content\/uploads\/2024\/08\/\u3057\u3093-768x134.png 768w\" sizes=\"auto, (max-width: 800px) 100vw, 800px\" \/><\/figure>\n\n\n\n<figure class=\"wp-block-image size-large\"><img loading=\"lazy\" decoding=\"async\" width=\"1024\" height=\"576\" src=\"https:\/\/www.matuts.com\/wp-content\/uploads\/2024\/08\/\u305f\u3064-1024x576.png\" alt=\"\" class=\"wp-image-81\" srcset=\"https:\/\/www.matuts.com\/wp-content\/uploads\/2024\/08\/\u305f\u3064-1024x576.png 1024w, https:\/\/www.matuts.com\/wp-content\/uploads\/2024\/08\/\u305f\u3064-300x169.png 300w, https:\/\/www.matuts.com\/wp-content\/uploads\/2024\/08\/\u305f\u3064-768x432.png 768w, https:\/\/www.matuts.com\/wp-content\/uploads\/2024\/08\/\u305f\u3064-1536x864.png 1536w, https:\/\/www.matuts.com\/wp-content\/uploads\/2024\/08\/\u305f\u3064-840x473.png 840w, https:\/\/www.matuts.com\/wp-content\/uploads\/2024\/08\/\u305f\u3064.png 1920w\" sizes=\"auto, (max-width: 1024px) 100vw, 1024px\" \/><\/figure>\n\n\n\n<figure class=\"wp-block-image size-full is-resized\"><img loading=\"lazy\" decoding=\"async\" width=\"800\" height=\"140\" src=\"https:\/\/www.matuts.com\/wp-content\/uploads\/2024\/08\/\u7a7a\u767d.png\" alt=\"\" class=\"wp-image-106\" style=\"width:120px;height:auto\" srcset=\"https:\/\/www.matuts.com\/wp-content\/uploads\/2024\/08\/\u7a7a\u767d.png 800w, https:\/\/www.matuts.com\/wp-content\/uploads\/2024\/08\/\u7a7a\u767d-300x53.png 300w, https:\/\/www.matuts.com\/wp-content\/uploads\/2024\/08\/\u7a7a\u767d-768x134.png 768w\" sizes=\"auto, (max-width: 800px) 100vw, 800px\" \/><\/figure>\n\n\n\n<figure class=\"wp-block-image size-medium\"><img loading=\"lazy\" decoding=\"async\" width=\"300\" height=\"53\" src=\"https:\/\/www.matuts.com\/wp-content\/uploads\/2024\/08\/4-1-300x53.png\" alt=\"\" class=\"wp-image-84\" srcset=\"https:\/\/www.matuts.com\/wp-content\/uploads\/2024\/08\/4-1-300x53.png 300w, https:\/\/www.matuts.com\/wp-content\/uploads\/2024\/08\/4-1-768x134.png 768w, https:\/\/www.matuts.com\/wp-content\/uploads\/2024\/08\/4-1.png 800w\" sizes=\"auto, (max-width: 300px) 100vw, 300px\" \/><\/figure>\n\n\n\n<figure class=\"wp-block-image size-full is-resized\"><img loading=\"lazy\" decoding=\"async\" width=\"800\" height=\"140\" src=\"https:\/\/www.matuts.com\/wp-content\/uploads\/2024\/10\/14.png\" alt=\"\" class=\"wp-image-197\" style=\"width:757px;height:auto\" srcset=\"https:\/\/www.matuts.com\/wp-content\/uploads\/2024\/10\/14.png 800w, https:\/\/www.matuts.com\/wp-content\/uploads\/2024\/10\/14-300x53.png 300w, https:\/\/www.matuts.com\/wp-content\/uploads\/2024\/10\/14-768x134.png 768w\" sizes=\"auto, (max-width: 800px) 100vw, 800px\" \/><\/figure>\n\n\n\n<figure class=\"wp-block-image size-full is-resized\"><img loading=\"lazy\" decoding=\"async\" width=\"800\" height=\"140\" src=\"https:\/\/www.matuts.com\/wp-content\/uploads\/2024\/08\/\u7a7a\u767d.png\" alt=\"\" class=\"wp-image-106\" style=\"width:120px;height:auto\" srcset=\"https:\/\/www.matuts.com\/wp-content\/uploads\/2024\/08\/\u7a7a\u767d.png 800w, https:\/\/www.matuts.com\/wp-content\/uploads\/2024\/08\/\u7a7a\u767d-300x53.png 300w, https:\/\/www.matuts.com\/wp-content\/uploads\/2024\/08\/\u7a7a\u767d-768x134.png 768w\" sizes=\"auto, (max-width: 800px) 100vw, 800px\" \/><\/figure>\n\n\n\n<figure class=\"wp-block-image size-medium\"><img loading=\"lazy\" decoding=\"async\" width=\"300\" height=\"53\" src=\"https:\/\/www.matuts.com\/wp-content\/uploads\/2024\/08\/3-1-300x53.png\" alt=\"\" class=\"wp-image-85\" srcset=\"https:\/\/www.matuts.com\/wp-content\/uploads\/2024\/08\/3-1-300x53.png 300w, https:\/\/www.matuts.com\/wp-content\/uploads\/2024\/08\/3-1-768x134.png 768w, https:\/\/www.matuts.com\/wp-content\/uploads\/2024\/08\/3-1.png 800w\" sizes=\"auto, (max-width: 300px) 100vw, 300px\" \/><\/figure>\n\n\n\n<figure class=\"wp-block-image size-full is-resized\"><img loading=\"lazy\" decoding=\"async\" width=\"800\" height=\"140\" src=\"https:\/\/www.matuts.com\/wp-content\/uploads\/2024\/10\/15.png\" alt=\"\" class=\"wp-image-198\" style=\"width:773px;height:auto\" srcset=\"https:\/\/www.matuts.com\/wp-content\/uploads\/2024\/10\/15.png 800w, https:\/\/www.matuts.com\/wp-content\/uploads\/2024\/10\/15-300x53.png 300w, https:\/\/www.matuts.com\/wp-content\/uploads\/2024\/10\/15-768x134.png 768w\" sizes=\"auto, (max-width: 800px) 100vw, 800px\" \/><\/figure>\n\n\n\n<figure class=\"wp-block-image size-full is-resized\"><img loading=\"lazy\" decoding=\"async\" width=\"800\" height=\"140\" src=\"https:\/\/www.matuts.com\/wp-content\/uploads\/2024\/08\/\u7a7a\u767d.png\" alt=\"\" class=\"wp-image-106\" style=\"width:120px;height:auto\" srcset=\"https:\/\/www.matuts.com\/wp-content\/uploads\/2024\/08\/\u7a7a\u767d.png 800w, https:\/\/www.matuts.com\/wp-content\/uploads\/2024\/08\/\u7a7a\u767d-300x53.png 300w, https:\/\/www.matuts.com\/wp-content\/uploads\/2024\/08\/\u7a7a\u767d-768x134.png 768w\" sizes=\"auto, (max-width: 800px) 100vw, 800px\" \/><\/figure>\n\n\n\n<figure class=\"wp-block-image size-medium\"><img loading=\"lazy\" decoding=\"async\" width=\"300\" height=\"53\" src=\"https:\/\/www.matuts.com\/wp-content\/uploads\/2024\/08\/5-1-300x53.png\" alt=\"\" class=\"wp-image-86\" srcset=\"https:\/\/www.matuts.com\/wp-content\/uploads\/2024\/08\/5-1-300x53.png 300w, https:\/\/www.matuts.com\/wp-content\/uploads\/2024\/08\/5-1-768x134.png 768w, https:\/\/www.matuts.com\/wp-content\/uploads\/2024\/08\/5-1.png 800w\" sizes=\"auto, (max-width: 300px) 100vw, 300px\" \/><\/figure>\n\n\n\n<figure class=\"wp-block-image size-full is-resized\"><img loading=\"lazy\" decoding=\"async\" width=\"800\" height=\"140\" src=\"https:\/\/www.matuts.com\/wp-content\/uploads\/2024\/10\/16.png\" alt=\"\" class=\"wp-image-199\" style=\"width:750px;height:auto\" srcset=\"https:\/\/www.matuts.com\/wp-content\/uploads\/2024\/10\/16.png 800w, https:\/\/www.matuts.com\/wp-content\/uploads\/2024\/10\/16-300x53.png 300w, https:\/\/www.matuts.com\/wp-content\/uploads\/2024\/10\/16-768x134.png 768w\" sizes=\"auto, (max-width: 800px) 100vw, 800px\" \/><\/figure>\n\n\n\n<figure class=\"wp-block-image size-full is-resized\"><img loading=\"lazy\" decoding=\"async\" width=\"800\" height=\"140\" src=\"https:\/\/www.matuts.com\/wp-content\/uploads\/2024\/08\/\u7a7a\u767d.png\" alt=\"\" class=\"wp-image-106\" style=\"width:177px;height:auto\" srcset=\"https:\/\/www.matuts.com\/wp-content\/uploads\/2024\/08\/\u7a7a\u767d.png 800w, https:\/\/www.matuts.com\/wp-content\/uploads\/2024\/08\/\u7a7a\u767d-300x53.png 300w, https:\/\/www.matuts.com\/wp-content\/uploads\/2024\/08\/\u7a7a\u767d-768x134.png 768w\" sizes=\"auto, (max-width: 800px) 100vw, 800px\" \/><\/figure>\n\n\n\n<p><strong>\u4ee3\u8868\u6328\u62f6<\/strong><\/p>\n\n\n<div class=\"wp-block-image\">\n<figure class=\"alignright size-full is-resized\"><img loading=\"lazy\" decoding=\"async\" width=\"456\" height=\"474\" src=\"https:\/\/www.matuts.com\/wp-content\/uploads\/2024\/08\/IMG_7412.jpg\" alt=\"\" class=\"wp-image-173\" style=\"width:153px;height:auto\" srcset=\"https:\/\/www.matuts.com\/wp-content\/uploads\/2024\/08\/IMG_7412.jpg 456w, https:\/\/www.matuts.com\/wp-content\/uploads\/2024\/08\/IMG_7412-289x300.jpg 289w\" sizes=\"auto, (max-width: 456px) 100vw, 456px\" \/><\/figure>\n<\/div>\n\n\n<p class=\"has-small-font-size\">\u7686\u69d8\u3001\u3053\u3093\u306b\u3061\u306f\u3002\u4e00\u822c\u793e\u56e3\u6cd5\u4eba\u904b\u52d5\u30a2\u30ab\u30c7\u30df\u30fcTUTs\u306e\u4ee3\u8868\u7406\u4e8b\u306e\u8349\u8599\u3067\u3059\u3002<\/p>\n\n\n\n<p class=\"has-small-font-size\">\u79c1\u305f\u3061TUTs\uff08\u30bf\u30c3\u30c4\uff09\u306f\u3001\u300c<strong>\u904b\u52d5\u6559\u80b2\u9769\u547d<\/strong>\u300d\u3092\u30df\u30c3\u30b7\u30e7\u30f3\u306b\u63b2\u3052\u3001\u904b\u52d5\u3084\u30b9\u30dd\u30fc\u30c4\u3092\u201d\u4f53\u529b\u3065\u304f\u308a\u201d\u3067\u306a\u304f\u201d\u4eba\u751f\u3092\u5207\u308a\u958b\u304f\u6559\u80b2\u30c4\u30fc\u30eb\u201d\u306b\u3059\u308b\u3053\u3068\u3092\u76ee\u6307\u3057\u3066\u3044\u307e\u3059\u3002\u3064\u307e\u308a\u306f\u3001\u904b\u52d5\u3084\u30b9\u30dd\u30fc\u30c4\u3067\u751f\u304d\u308b\u529b\u3092\u3064\u3051\u308b\u3068\u3044\u3046\u3053\u3068\u3001\u7a4d\u6975\u7684\u884c\u52d5\u529b\u3092\u3064\u3051\u3066\u3001\u81ea\u3089\u306e\u53ef\u80fd\u6027\u306b\u5411\u304b\u3063\u3066\u81ea\u3089\u3067\u52d5\u3044\u3066\u3044\u3051\u308b\u529b\u3092\u3064\u3051\u3066\u3044\u304f\u3068\u3044\u3046\u3053\u3068\u3067\u3059\u3002<\/p>\n\n\n\n<p class=\"has-small-font-size\">\u79c1\u306f\u3001\u4eba\u751f\u306e\u5927\u534a\u306b\u904b\u52d5\u3084\u30b9\u30dd\u30fc\u30c4\u306e\u7d4c\u9a13\u304c\u3042\u308a\u307e\u3059\u3002\u305d\u3093\u306a\u4e2d\u3067\u5b9f\u611f\u3057\u3066\u3044\u308b\u306e\u306f\u3001\u305d\u3053\u3067\u306e\u5b9f\u4f53\u9a13\u3092\u79c1\u751f\u6d3b\u3084\u4ed5\u4e8b\u3001\u4eba\u9593\u95a2\u4fc2\u306a\u3069\u3067\u5927\u3044\u306b\u6d3b\u304b\u3059\u3053\u3068\u304c\u3067\u304d\u308b\u3068\u3044\u3046\u3053\u3068\u3067\u3059\u3002\u81ea\u5206\u3067\u8003\u3048\u305f\u3053\u3068\u3001\u3084\u3063\u305f\u3053\u3068\u304c\u305d\u306e\u307e\u307e\u7d50\u679c\u3068\u3057\u3066\u51fa\u308b\u3053\u3068\u306f\u904b\u52d5\u3084\u30b9\u30dd\u30fc\u30c4\u306e\u7d20\u6674\u3089\u3057\u3055\u3060\u3068\u8003\u3048\u307e\u3059\u3002\u305d\u3053\u3067\u5f97\u305f\u5931\u6557\u3084\u632b\u6298\u3001\u6210\u529f\u4f53\u9a13\u306f\u3001\u904b\u52d5\u3084\u30b9\u30dd\u30fc\u30c4\u3060\u3051\u3067\u7d42\u308f\u3089\u305b\u306a\u3044\u3053\u3068\u304c\u3067\u304d\u307e\u3059\u3002<\/p>\n\n\n\n<p class=\"has-small-font-size\">\u81ea\u5206\u306e\u4eba\u751f\u306f\u81ea\u5206\u306e\u9078\u629e\u3067\u6c7a\u307e\u3063\u3066\u3044\u307e\u3059\u3002\u3082\u3061\u308d\u3093\u306e\u3053\u3068\u3001\u8f9b\u3044\u7d4c\u9a13\u3001\u82e6\u3057\u3044\u7d4c\u9a13\u3001\u4e0a\u624b\u304f\u3044\u304b\u306a\u3044\u3053\u3068\u3001\u7dba\u9e97\u3067\u306a\u3044\u3053\u3068\u3070\u304b\u308a\u3067\u3059\u3002\u305f\u3060\u3001\u52d5\u304b\u306a\u3044\u9650\u308a\u306f\u5909\u308f\u308a\u307e\u305b\u3093\u304c\u3001\u81ea\u3089\u306b\u8ef8\u3092\u6301\u3063\u3066\u52d5\u3051\u3070\u3001\u81ea\u3089\u306e\u624b\u3067\u697d\u3057\u304f\u3001\u8c4a\u304b\u306b\u3067\u304d\u308b\u3068\u8003\u3048\u3066\u3044\u307e\u3059\u3002<\/p>\n\n\n\n<p class=\"has-small-font-size\">\u79c1\u305f\u3061TUTs\u306f\u3001\u904b\u52d5\u3068\u6559\u80b2\u306e\u639b\u3051\u7b97\u3067\u5f37\u3044\u30d2\u30c8\u30921\u4eba\u3067\u3082\u591a\u304f\u3057\u3001\u672a\u6765\u3092\u660e\u308b\u304f\u7167\u3089\u3059\u3053\u3068\u3092\u4f7f\u547d\u3068\u3057\u3066\u3044\u307e\u3059\u3002\u79c1\u305f\u3061\u304c\u7a81\u304d\u9032\u307f\u3001\u591a\u304f\u306e\u7686\u69d8\u3068\u5354\u529b\u3057\u3001\u3053\u3069\u3082\u305f\u3061\u306e\u5065\u5eb7\u3068\u6210\u9577\u3092\u652f\u3048\u308b\u6d3b\u52d5\u3092\u7d9a\u3051\u3066\u307e\u3044\u308a\u307e\u3059\u3002\u305d\u3057\u3066\u3001\u79c1\u305f\u3061\u3082\u8003\u3048\u7d9a\u3051\u3001\u884c\u52d5\u3057\u7d9a\u3051\u3001\u5909\u5316\u3057\u7d9a\u3051\u3001\u6210\u9577\u3057\u3066\u3044\u304d\u307e\u3059\u3002<\/p>\n\n\n\n<p class=\"has-small-font-size\">\u4e00\u822c\u793e\u56e3\u6cd5\u4eba\u904b\u52d5\u30a2\u30ab\u30c7\u30df\u30fcTUTs \u4ee3\u8868\u7406\u4e8b\u3000\u8349\u8599\u9f8d\u53f2<\/p>\n\n\n\n<figure class=\"wp-block-image size-full\"><img loading=\"lazy\" decoding=\"async\" width=\"800\" height=\"140\" src=\"https:\/\/www.matuts.com\/wp-content\/uploads\/2024\/08\/\u7a7a\u767d.png\" alt=\"\" class=\"wp-image-106\" srcset=\"https:\/\/www.matuts.com\/wp-content\/uploads\/2024\/08\/\u7a7a\u767d.png 800w, https:\/\/www.matuts.com\/wp-content\/uploads\/2024\/08\/\u7a7a\u767d-300x53.png 300w, https:\/\/www.matuts.com\/wp-content\/uploads\/2024\/08\/\u7a7a\u767d-768x134.png 768w\" sizes=\"auto, (max-width: 800px) 100vw, 800px\" \/><\/figure>\n\n\n\n<figure class=\"wp-block-image size-full\"><img loading=\"lazy\" decoding=\"async\" width=\"800\" height=\"140\" src=\"https:\/\/www.matuts.com\/wp-content\/uploads\/2024\/08\/2konntakuto.png\" alt=\"\" class=\"wp-image-53\" srcset=\"https:\/\/www.matuts.com\/wp-content\/uploads\/2024\/08\/2konntakuto.png 800w, https:\/\/www.matuts.com\/wp-content\/uploads\/2024\/08\/2konntakuto-300x53.png 300w, https:\/\/www.matuts.com\/wp-content\/uploads\/2024\/08\/2konntakuto-768x134.png 768w\" sizes=\"auto, (max-width: 800px) 100vw, 800px\" \/><\/figure>\n\n\n\n<figure class=\"wp-block-image size-full is-resized\"><img loading=\"lazy\" decoding=\"async\" width=\"800\" height=\"140\" src=\"https:\/\/www.matuts.com\/wp-content\/uploads\/2024\/08\/\u7a7a\u767d.png\" alt=\"\" class=\"wp-image-106\" style=\"width:120px;height:auto\" srcset=\"https:\/\/www.matuts.com\/wp-content\/uploads\/2024\/08\/\u7a7a\u767d.png 800w, https:\/\/www.matuts.com\/wp-content\/uploads\/2024\/08\/\u7a7a\u767d-300x53.png 300w, https:\/\/www.matuts.com\/wp-content\/uploads\/2024\/08\/\u7a7a\u767d-768x134.png 768w\" sizes=\"auto, (max-width: 800px) 100vw, 800px\" \/><\/figure>\n\n\n\n<div class=\"wp-block-contact-form-7-contact-form-selector\">\n<div class=\"wpcf7 no-js\" id=\"wpcf7-f26-o1\" lang=\"ja\" dir=\"ltr\" data-wpcf7-id=\"26\">\n<div class=\"screen-reader-response\"><p role=\"status\" aria-live=\"polite\" aria-atomic=\"true\"><\/p> <ul><\/ul><\/div>\n<form action=\"\/index.php?rest_route=%2Fwp%2Fv2%2Fpages%2F42#wpcf7-f26-o1\" method=\"post\" class=\"wpcf7-form init\" aria-label=\"\u30b3\u30f3\u30bf\u30af\u30c8\u30d5\u30a9\u30fc\u30e0\" novalidate=\"novalidate\" data-status=\"init\">\n<fieldset class=\"hidden-fields-container\"><input type=\"hidden\" name=\"_wpcf7\" value=\"26\" \/><input type=\"hidden\" name=\"_wpcf7_version\" value=\"6.1.5\" \/><input type=\"hidden\" name=\"_wpcf7_locale\" value=\"ja\" \/><input type=\"hidden\" name=\"_wpcf7_unit_tag\" value=\"wpcf7-f26-o1\" \/><input type=\"hidden\" name=\"_wpcf7_container_post\" value=\"0\" \/><input type=\"hidden\" name=\"_wpcf7_posted_data_hash\" value=\"\" \/>\n<\/fieldset>\n<table class=\"CF7_table\">\n\t<tr>\n\t\t<th>\n\t\t\t<p><span class=\"CF7_req\">\u3010\u5fc5\u9808\u3011<br \/>\n\u304a\u540d\u524d<\/span>\n\t\t\t<\/p>\n\t\t<\/th>\n\t\t<td>\n\t\t\t<p><span class=\"wpcf7-form-control-wrap\" data-name=\"your-name\"><input size=\"40\" maxlength=\"400\" class=\"wpcf7-form-control wpcf7-text wpcf7-validates-as-required\" aria-required=\"true\" aria-invalid=\"false\" placeholder=\"\u4f8b\uff1a\u3042\u306a\u305f\u306e\u304a\u540d\u524d\" value=\"\" type=\"text\" name=\"your-name\" \/><\/span>\n\t\t\t<\/p>\n\t\t<\/td>\n\t<\/tr>\n\t<tr>\n\t\t<th>\n\t\t\t<p><span class=\"CF7_req\">\u3010\u5fc5\u9808\u3011<br \/>\n\u4f1a\u793e\u540d\/\u5b66\u6821\u540d<\/span>\n\t\t\t<\/p>\n\t\t<\/th>\n\t\t<td>\n\t\t\t<p><span class=\"wpcf7-form-control-wrap\" data-name=\"your-company\"><input size=\"40\" maxlength=\"400\" class=\"wpcf7-form-control wpcf7-text wpcf7-validates-as-required\" aria-required=\"true\" aria-invalid=\"false\" placeholder=\"\u4f8b\uff1a\u25ef\u25ef\u682a\u5f0f\u4f1a\u793e\" value=\"\" type=\"text\" name=\"your-company\" \/><\/span>\n\t\t\t<\/p>\n\t\t<\/td>\n\t<\/tr>\n\t<tr>\n\t\t<th>\n\t\t\t<p><span class=\"CF7_req\">\u3010\u5fc5\u9808\u3011<br \/>\n\u90f5\u4fbf\u756a\u53f7<\/span>\n\t\t\t<\/p>\n\t\t<\/th>\n\t\t<td>\n\t\t\t<p><span class=\"wpcf7-form-control-wrap\" data-name=\"zip\"><input size=\"40\" maxlength=\"400\" class=\"wpcf7-form-control wpcf7-text wpcf7-validates-as-required\" id=\"zip\" aria-required=\"true\" aria-invalid=\"false\" placeholder=\"\u4f8b\uff1a123-4567\" value=\"\" type=\"text\" name=\"zip\" \/><\/span>\n\t\t\t<\/p>\n\t\t<\/td>\n\t<\/tr>\n\t<tr>\n\t\t<th>\n\t\t\t<p><span class=\"CF7_unreq\">\u3010\u4efb\u610f\u3011<br \/>\n\u90fd\u9053\u5e9c\u770c<\/span>\n\t\t\t<\/p>\n\t\t<\/th>\n\t\t<td>\n\t\t\t<p><span class=\"wpcf7-form-control-wrap\" data-name=\"pref\"><input size=\"40\" maxlength=\"400\" class=\"wpcf7-form-control wpcf7-text\" id=\"pref\" aria-invalid=\"false\" placeholder=\"\u4f8b\uff1a\u6771\u4eac\u90fd\" value=\"\" type=\"text\" name=\"pref\" \/><\/span>\n\t\t\t<\/p>\n\t\t<\/td>\n\t<\/tr>\n\t<tr>\n\t\t<th>\n\t\t\t<p><span class=\"CF7_unreq\">\u3010\u4efb\u610f\u3011<br \/>\n\u3000\u3054\u4f4f\u6240<\/span>\n\t\t\t<\/p>\n\t\t<\/th>\n\t\t<td class=\"address-100\">\n\t\t\t<p><span class=\"wpcf7-form-control-wrap\" data-name=\"addr\"><input size=\"40\" maxlength=\"400\" class=\"wpcf7-form-control wpcf7-text\" id=\"addr\" aria-invalid=\"false\" placeholder=\"\u4f8b\uff1a\u4e2d\u592e\u533a\u9280\u5ea7\uff11\uff12\uff13\uff14\uff15\" value=\"\" type=\"text\" name=\"addr\" \/><\/span>\n\t\t\t<\/p>\n\t\t<\/td>\n\t<\/tr>\n\t<tr>\n\t\t<th>\n\t\t\t<p><span class=\"CF7_req\">\u3010\u5fc5\u9808\u3011<br \/>\n\u30e1\u30fc\u30eb\u30a2\u30c9\u30ec\u30b9<\/span>\n\t\t\t<\/p>\n\t\t<\/th>\n\t\t<td>\n\t\t\t<p><span class=\"wpcf7-form-control-wrap\" data-name=\"your-email\"><input size=\"40\" maxlength=\"400\" class=\"wpcf7-form-control wpcf7-email wpcf7-validates-as-required wpcf7-text wpcf7-validates-as-email\" aria-required=\"true\" aria-invalid=\"false\" placeholder=\"\u4f8b\uff1a\u00d7\u00d7\u00d7@\u00d7\u00d7\u00d7.com\" value=\"\" type=\"email\" name=\"your-email\" \/><\/span>\n\t\t\t<\/p>\n\t\t<\/td>\n\t<\/tr>\n\t<tr>\n\t\t<th>\n\t\t\t<p><span class=\"CF7_req\">\u3010\u5fc5\u9808\u3011<br \/>\n\u304a\u96fb\u8a71\u756a\u53f7<\/span>\n\t\t\t<\/p>\n\t\t<\/th>\n\t\t<td>\n\t\t\t<p><span class=\"wpcf7-form-control-wrap\" data-name=\"your-tel\"><input size=\"40\" maxlength=\"400\" class=\"wpcf7-form-control wpcf7-text wpcf7-validates-as-required\" aria-required=\"true\" aria-invalid=\"false\" placeholder=\"\u4f8b\uff1a03-1234-5678\" value=\"\" type=\"text\" name=\"your-tel\" \/><\/span>\n\t\t\t<\/p>\n\t\t<\/td>\n\t<\/tr>\n\t<tr>\n\t\t<th>\n\t\t\t<p><span class=\"CF7_req\">\u3010\u5fc5\u9808\u3011<br \/>\n\u30e1\u30c3\u30bb\u30fc\u30b8\u672c\u6587<\/span>\n\t\t\t<\/p>\n\t\t<\/th>\n\t\t<td class=\"message-100\">\n\t\t\t<p><span class=\"wpcf7-form-control-wrap\" data-name=\"your-message\"><textarea cols=\"40\" rows=\"10\" maxlength=\"2000\" class=\"wpcf7-form-control wpcf7-textarea wpcf7-validates-as-required\" aria-required=\"true\" aria-invalid=\"false\" placeholder=\"\u304a\u554f\u3044\u5408\u308f\u305b\u5185\u5bb9\u3092\u3054\u8a18\u5165\u304f\u3060\u3055\u3044\" name=\"your-message\"><\/textarea><\/span>\n\t\t\t<\/p>\n\t\t<\/td>\n\t<\/tr>\n<\/table>\n<p class=\"CF7_btn\"><input class=\"wpcf7-form-control wpcf7-submit has-spinner\" type=\"submit\" value=\"\u9001\u4fe1\u3059\u308b\" \/>\n<\/p><div class=\"wpcf7-response-output\" aria-hidden=\"true\"><\/div>\n<\/form>\n<\/div>\n<\/div>\n","protected":false},"excerpt":{"rendered":"<p>\u4ee3\u8868\u6328\u62f6 \u7686\u69d8\u3001\u3053\u3093\u306b\u3061\u306f\u3002\u4e00\u822c\u793e\u56e3\u6cd5\u4eba\u904b\u52d5\u30a2\u30ab\u30c7\u30df\u30fcTUTs\u306e\u4ee3\u8868\u7406\u4e8b\u306e\u8349\u8599\u3067\u3059\u3002 \u79c1\u305f\u3061TUTs\uff08\u30bf\u30c3\u30c4\uff09\u306f\u3001\u300c\u904b\u52d5\u6559\u80b2\u9769\u547d\u300d\u3092\u30df\u30c3\u30b7\u30e7\u30f3\u306b\u63b2\u3052\u3001\u904b\u52d5\u3084\u30b9\u30dd\u30fc\u30c4\u3092\u201d\u4f53\u529b\u3065\u304f\u308a\u201d\u3067\u306a\u304f\u201d\u4eba\u751f\u3092\u5207\u308a\u958b\u304f\u6559\u80b2\u30c4\u30fc\u30eb\u201d\u306b\u3059\u308b&#8230;<\/p>\n","protected":false},"author":1,"featured_media":0,"parent":0,"menu_order":0,"comment_status":"closed","ping_status":"closed","template":"","meta":{"footnotes":""},"class_list":["post-42","page","type-page","status-publish","hentry"],"_links":{"self":[{"href":"https:\/\/www.matuts.com\/index.php?rest_route=\/wp\/v2\/pages\/42","targetHints":{"allow":["GET"]}}],"collection":[{"href":"https:\/\/www.matuts.com\/index.php?rest_route=\/wp\/v2\/pages"}],"about":[{"href":"https:\/\/www.matuts.com\/index.php?rest_route=\/wp\/v2\/types\/page"}],"author":[{"embeddable":true,"href":"https:\/\/www.matuts.com\/index.php?rest_route=\/wp\/v2\/users\/1"}],"replies":[{"embeddable":true,"href":"https:\/\/www.matuts.com\/index.php?rest_route=%2Fwp%2Fv2%2Fcomments&post=42"}],"version-history":[{"count":48,"href":"https:\/\/www.matuts.com\/index.php?rest_route=\/wp\/v2\/pages\/42\/revisions"}],"predecessor-version":[{"id":289,"href":"https:\/\/www.matuts.com\/index.php?rest_route=\/wp\/v2\/pages\/42\/revisions\/289"}],"wp:attachment":[{"href":"https:\/\/www.matuts.com\/index.php?rest_route=%2Fwp%2Fv2%2Fmedia&parent=42"}],"curies":[{"name":"wp","href":"https:\/\/api.w.org\/{rel}","templated":true}]}}